{"id":8506,"date":"2022-11-23T21:03:37","date_gmt":"2022-11-23T21:03:37","guid":{"rendered":"http:\/\/soindusperu2.srtv.cl\/?post_type=product&#038;p=8506"},"modified":"2023-01-06T13:45:31","modified_gmt":"2023-01-06T13:45:31","slug":"solucion-para-estado-flujo-efectivo-sap-peru","status":"publish","type":"product","link":"https:\/\/soindus.pe\/index.php\/producto\/solucion-para-estado-flujo-efectivo-sap-peru\/","title":{"rendered":"Soluci\u00f3n para Estado Flujo Efectivo SAP Per\u00fa"},"content":{"rendered":"<table id=\"tablamonitor2\">\n<tbody>\n<tr>\n<td><b>VENTAJAS<\/b><\/p>\n<ul>\n<li>Automatiza en un 100% la obtenci\u00f3n del Estado de Flujo Efectivo a diferencia de otros sistemas.<\/li>\n<li>Producto 100 % en SAP y r\u00e1pida Implementaci\u00f3n.<\/li>\n<li>Multiempresa y Multipais.<\/li>\n<li>Totalmente configurable.<\/li>\n<li>Permite agregar nuevos formatos de reporte adem\u00e1s del IFRS.<\/li>\n<li>No necesita bajada ni subida de datos a otros sistemas.<\/li>\n<li>Un reporte que toma una semana, se obtiene en s\u00f3lo minutos y en cualquier momento.<\/li>\n<li>Informaci\u00f3n trazable hasta el ultimo nivel dentro de SAP (Ejemplo: Pago factura \u2013 contabilizaci\u00f3n \u2013 recepci\u00f3n mercader\u00eda, pedido \u2013 cotizaci\u00f3n)<\/li>\n<li>Completa asesor\u00eda en la puesta en marcha.<\/li>\n<li>Capacitaci\u00f3n a los usuarios directos.<\/li>\n<li>Se actualiza frente a cambios de normativa.<\/li>\n<\/ul>\n<\/td>\n<td><b>ALGUNOS CLIENTES QUE LO HAN IMPLEMENTADO<\/b><\/p>\n<ul>\n<li>Bancos: (Scotiabank, Security y Chile)<\/li>\n<li>Coca Cola<\/li>\n<\/ul>\n<\/td>\n<\/tr>\n<\/tbody>\n<\/table>\n","protected":false},"excerpt":{"rendered":"<p>VENTAJAS Automatiza en un 100% la obtenci\u00f3n del Estado de Flujo Efectivo a diferencia de otros sistemas. Producto 100 % en SAP y r\u00e1pida Implementaci\u00f3n. Multiempresa y Multipais. Totalmente configurable. Permite agregar nuevos formatos de reporte adem\u00e1s del IFRS. No necesita bajada ni subida de datos a otros sistemas. Un reporte que toma una semana,&#8230;<\/p>\n","protected":false},"featured_media":8505,"template":"","meta":{"om_disable_all_campaigns":false,"_mi_skip_tracking":false},"product_cat":[73],"product_tag":[],"class_list":["post-8506","product","type-product","status-publish","has-post-thumbnail","hentry","product_cat-solucion-para-estado-flujo-efectivo-sap-peru"],"aioseo_notices":[],"acf":[],"_links":{"self":[{"href":"https:\/\/soindus.pe\/index.php\/wp-json\/wp\/v2\/product\/8506","targetHints":{"allow":["GET"]}}],"collection":[{"href":"https:\/\/soindus.pe\/index.php\/wp-json\/wp\/v2\/product"}],"about":[{"href":"https:\/\/soindus.pe\/index.php\/wp-json\/wp\/v2\/types\/product"}],"wp:featuredmedia":[{"embeddable":true,"href":"https:\/\/soindus.pe\/index.php\/wp-json\/wp\/v2\/media\/8505"}],"wp:attachment":[{"href":"https:\/\/soindus.pe\/index.php\/wp-json\/wp\/v2\/media?parent=8506"}],"wp:term":[{"taxonomy":"product_cat","embeddable":true,"href":"https:\/\/soindus.pe\/index.php\/wp-json\/wp\/v2\/product_cat?post=8506"},{"taxonomy":"product_tag","embeddable":true,"href":"https:\/\/soindus.pe\/index.php\/wp-json\/wp\/v2\/product_tag?post=8506"}],"curies":[{"name":"wp","href":"https:\/\/api.w.org\/{rel}","templated":true}]}}