{"id":8358,"date":"2022-11-09T19:05:13","date_gmt":"2022-11-09T19:05:13","guid":{"rendered":"http:\/\/soindus.srtv.cl\/?post_type=product&#038;p=8358"},"modified":"2023-01-06T13:48:00","modified_gmt":"2023-01-06T13:48:00","slug":"azure-microsoft-peru","status":"publish","type":"product","link":"https:\/\/soindus.pe\/index.php\/producto\/azure-microsoft-peru\/","title":{"rendered":"Azure Microsoft Per\u00fa"},"content":{"rendered":"<p>Es una plataforma en la nube de Microsoft que est\u00e1 conformada con una selecci\u00f3n de sistemas operativos que proporciona un software, compatible con muchos lenguajes, herramientas y marcas de programaci\u00f3n diferentes, lo que incluye las funcionalidades de plataforma como servicio (Paas), infraestructura como servicio(laas) un software terminado que es ejecutado y administrado por el proveedor del servicio(Saas).<\/p>\n","protected":false},"excerpt":{"rendered":"<p>Es una plataforma en la nube de Microsoft que est\u00e1 conformada con una selecci\u00f3n de sistemas operativos que proporciona un software, compatible con muchos lenguajes, herramientas y marcas de programaci\u00f3n diferentes, lo que incluye las funcionalidades de plataforma como servicio (Paas), infraestructura como servicio(laas) un software terminado que es ejecutado y administrado por el proveedor&#8230;<\/p>\n","protected":false},"featured_media":8359,"template":"","meta":{"om_disable_all_campaigns":false,"_mi_skip_tracking":false},"product_cat":[15],"product_tag":[],"class_list":["post-8358","product","type-product","status-publish","has-post-thumbnail","hentry","product_cat-productos"],"aioseo_notices":[],"acf":[],"_links":{"self":[{"href":"https:\/\/soindus.pe\/index.php\/wp-json\/wp\/v2\/product\/8358","targetHints":{"allow":["GET"]}}],"collection":[{"href":"https:\/\/soindus.pe\/index.php\/wp-json\/wp\/v2\/product"}],"about":[{"href":"https:\/\/soindus.pe\/index.php\/wp-json\/wp\/v2\/types\/product"}],"wp:featuredmedia":[{"embeddable":true,"href":"https:\/\/soindus.pe\/index.php\/wp-json\/wp\/v2\/media\/8359"}],"wp:attachment":[{"href":"https:\/\/soindus.pe\/index.php\/wp-json\/wp\/v2\/media?parent=8358"}],"wp:term":[{"taxonomy":"product_cat","embeddable":true,"href":"https:\/\/soindus.pe\/index.php\/wp-json\/wp\/v2\/product_cat?post=8358"},{"taxonomy":"product_tag","embeddable":true,"href":"https:\/\/soindus.pe\/index.php\/wp-json\/wp\/v2\/product_tag?post=8358"}],"curies":[{"name":"wp","href":"https:\/\/api.w.org\/{rel}","templated":true}]}}