{"id":8187,"date":"2022-11-04T17:04:25","date_gmt":"2022-11-04T17:04:25","guid":{"rendered":"http:\/\/soindus.srtv.cl\/?post_type=product&#038;p=8187"},"modified":"2023-01-06T13:48:31","modified_gmt":"2023-01-06T13:48:31","slug":"administracion-hana-peru","status":"publish","type":"product","link":"https:\/\/soindus.pe\/index.php\/producto\/administracion-hana-peru\/","title":{"rendered":"Administraci\u00f3n HANA Per\u00fa"},"content":{"rendered":"<p>Administraci\u00f3n SAP HANA, soporte TI en integraciones Addons, SAP Lumira, DEsign Studio SAP BI\/BO<\/p>\n","protected":false},"excerpt":{"rendered":"<p>Administraci\u00f3n SAP HANA, soporte TI en integraciones Addons, SAP Lumira, DEsign Studio SAP BI\/BO<\/p>\n","protected":false},"featured_media":8188,"template":"","meta":{"om_disable_all_campaigns":false,"_mi_skip_tracking":false},"product_cat":[72],"product_tag":[],"class_list":["post-8187","product","type-product","status-publish","has-post-thumbnail","hentry","product_cat-consultoria-basis-sap-peru"],"aioseo_notices":[],"acf":[],"_links":{"self":[{"href":"https:\/\/soindus.pe\/index.php\/wp-json\/wp\/v2\/product\/8187","targetHints":{"allow":["GET"]}}],"collection":[{"href":"https:\/\/soindus.pe\/index.php\/wp-json\/wp\/v2\/product"}],"about":[{"href":"https:\/\/soindus.pe\/index.php\/wp-json\/wp\/v2\/types\/product"}],"wp:featuredmedia":[{"embeddable":true,"href":"https:\/\/soindus.pe\/index.php\/wp-json\/wp\/v2\/media\/8188"}],"wp:attachment":[{"href":"https:\/\/soindus.pe\/index.php\/wp-json\/wp\/v2\/media?parent=8187"}],"wp:term":[{"taxonomy":"product_cat","embeddable":true,"href":"https:\/\/soindus.pe\/index.php\/wp-json\/wp\/v2\/product_cat?post=8187"},{"taxonomy":"product_tag","embeddable":true,"href":"https:\/\/soindus.pe\/index.php\/wp-json\/wp\/v2\/product_tag?post=8187"}],"curies":[{"name":"wp","href":"https:\/\/api.w.org\/{rel}","templated":true}]}}