{"id":8144,"date":"2022-11-04T16:43:19","date_gmt":"2022-11-04T16:43:19","guid":{"rendered":"http:\/\/soindus.srtv.cl\/?post_type=product&#038;p=8144"},"modified":"2023-01-06T14:06:17","modified_gmt":"2023-01-06T14:06:17","slug":"consultoria-tecnica-sap-abap-scp-peru","status":"publish","type":"product","link":"https:\/\/soindus.pe\/index.php\/producto\/consultoria-tecnica-sap-abap-scp-peru\/","title":{"rendered":"Consultor\u00eda T\u00e9cnica SAP ( ABAP-SCP) Per\u00fa"},"content":{"rendered":"","protected":false},"excerpt":{"rendered":"","protected":false},"featured_media":8145,"template":"","meta":{"om_disable_all_campaigns":false,"_mi_skip_tracking":false},"product_cat":[70],"product_tag":[],"class_list":["post-8144","product","type-product","status-publish","has-post-thumbnail","hentry","product_cat-servicios-de-consultoria-sap-peru"],"aioseo_notices":[],"acf":[],"_links":{"self":[{"href":"https:\/\/soindus.pe\/index.php\/wp-json\/wp\/v2\/product\/8144","targetHints":{"allow":["GET"]}}],"collection":[{"href":"https:\/\/soindus.pe\/index.php\/wp-json\/wp\/v2\/product"}],"about":[{"href":"https:\/\/soindus.pe\/index.php\/wp-json\/wp\/v2\/types\/product"}],"wp:featuredmedia":[{"embeddable":true,"href":"https:\/\/soindus.pe\/index.php\/wp-json\/wp\/v2\/media\/8145"}],"wp:attachment":[{"href":"https:\/\/soindus.pe\/index.php\/wp-json\/wp\/v2\/media?parent=8144"}],"wp:term":[{"taxonomy":"product_cat","embeddable":true,"href":"https:\/\/soindus.pe\/index.php\/wp-json\/wp\/v2\/product_cat?post=8144"},{"taxonomy":"product_tag","embeddable":true,"href":"https:\/\/soindus.pe\/index.php\/wp-json\/wp\/v2\/product_tag?post=8144"}],"curies":[{"name":"wp","href":"https:\/\/api.w.org\/{rel}","templated":true}]}}