{"id":8098,"date":"2022-11-04T16:20:39","date_gmt":"2022-11-04T16:20:39","guid":{"rendered":"http:\/\/soindus.srtv.cl\/?post_type=product&#038;p=8098"},"modified":"2023-01-06T14:17:35","modified_gmt":"2023-01-06T14:17:35","slug":"integraciones-e-interfaces-de-comunicacion-con-otros-sistemas-tales-como-proveedores-electronicos-sistemas-propios-transbank-legados-otros-peru","status":"publish","type":"product","link":"https:\/\/soindus.pe\/index.php\/producto\/integraciones-e-interfaces-de-comunicacion-con-otros-sistemas-tales-como-proveedores-electronicos-sistemas-propios-transbank-legados-otros-peru\/","title":{"rendered":"Integraciones e interfaces de comunicaci\u00f3n con otros sistemas tales como Proveedores Electr\u00f3nicos, sistemas propios , Transbank, legados, otros. Per\u00fa"},"content":{"rendered":"","protected":false},"excerpt":{"rendered":"","protected":false},"featured_media":8499,"template":"","meta":{"om_disable_all_campaigns":false,"_mi_skip_tracking":false},"product_cat":[67],"product_tag":[],"class_list":["post-8098","product","type-product","status-publish","has-post-thumbnail","hentry","product_cat-servicios-de-consultoria-sap-business-one-peru"],"aioseo_notices":[],"acf":[],"_links":{"self":[{"href":"https:\/\/soindus.pe\/index.php\/wp-json\/wp\/v2\/product\/8098","targetHints":{"allow":["GET"]}}],"collection":[{"href":"https:\/\/soindus.pe\/index.php\/wp-json\/wp\/v2\/product"}],"about":[{"href":"https:\/\/soindus.pe\/index.php\/wp-json\/wp\/v2\/types\/product"}],"wp:featuredmedia":[{"embeddable":true,"href":"https:\/\/soindus.pe\/index.php\/wp-json\/wp\/v2\/media\/8499"}],"wp:attachment":[{"href":"https:\/\/soindus.pe\/index.php\/wp-json\/wp\/v2\/media?parent=8098"}],"wp:term":[{"taxonomy":"product_cat","embeddable":true,"href":"https:\/\/soindus.pe\/index.php\/wp-json\/wp\/v2\/product_cat?post=8098"},{"taxonomy":"product_tag","embeddable":true,"href":"https:\/\/soindus.pe\/index.php\/wp-json\/wp\/v2\/product_tag?post=8098"}],"curies":[{"name":"wp","href":"https:\/\/api.w.org\/{rel}","templated":true}]}}