{"id":8095,"date":"2022-11-04T16:19:07","date_gmt":"2022-11-04T16:19:07","guid":{"rendered":"http:\/\/soindus.srtv.cl\/?post_type=product&#038;p=8095"},"modified":"2023-01-06T14:19:33","modified_gmt":"2023-01-06T14:19:33","slug":"proyectos-de-implementacion-funcional-y-tecnica-consultoria-sap-business-one-peru","status":"publish","type":"product","link":"https:\/\/soindus.pe\/index.php\/producto\/proyectos-de-implementacion-funcional-y-tecnica-consultoria-sap-business-one-peru\/","title":{"rendered":"Proyectos de Implementaci\u00f3n Funcional y T\u00e9cnica consultor\u00eda SAP Business One Per\u00fa"},"content":{"rendered":"","protected":false},"excerpt":{"rendered":"","protected":false},"featured_media":8096,"template":"","meta":{"om_disable_all_campaigns":false,"_mi_skip_tracking":false},"product_cat":[67],"product_tag":[],"class_list":["post-8095","product","type-product","status-publish","has-post-thumbnail","hentry","product_cat-servicios-de-consultoria-sap-business-one-peru"],"aioseo_notices":[],"acf":[],"_links":{"self":[{"href":"https:\/\/soindus.pe\/index.php\/wp-json\/wp\/v2\/product\/8095","targetHints":{"allow":["GET"]}}],"collection":[{"href":"https:\/\/soindus.pe\/index.php\/wp-json\/wp\/v2\/product"}],"about":[{"href":"https:\/\/soindus.pe\/index.php\/wp-json\/wp\/v2\/types\/product"}],"wp:featuredmedia":[{"embeddable":true,"href":"https:\/\/soindus.pe\/index.php\/wp-json\/wp\/v2\/media\/8096"}],"wp:attachment":[{"href":"https:\/\/soindus.pe\/index.php\/wp-json\/wp\/v2\/media?parent=8095"}],"wp:term":[{"taxonomy":"product_cat","embeddable":true,"href":"https:\/\/soindus.pe\/index.php\/wp-json\/wp\/v2\/product_cat?post=8095"},{"taxonomy":"product_tag","embeddable":true,"href":"https:\/\/soindus.pe\/index.php\/wp-json\/wp\/v2\/product_tag?post=8095"}],"curies":[{"name":"wp","href":"https:\/\/api.w.org\/{rel}","templated":true}]}}