{"id":8069,"date":"2022-11-04T15:54:00","date_gmt":"2022-11-04T15:54:00","guid":{"rendered":"http:\/\/soindus.srtv.cl\/?post_type=product&#038;p=8069"},"modified":"2023-01-06T14:20:30","modified_gmt":"2023-01-06T14:20:30","slug":"pesaje-electronico-peru","status":"publish","type":"product","link":"https:\/\/soindus.pe\/index.php\/producto\/pesaje-electronico-peru\/","title":{"rendered":"Pesaje Electr\u00f3nico Per\u00fa"},"content":{"rendered":"<div class=\"itemIntroText\">\n<table id=\"tablamonitor1\">\n<tbody>\n<tr>\n<td><b>\u00bfQu\u00e9 es? <\/b><\/p>\n<p>La integraci\u00f3n Balanza es una aplicaci\u00f3n JAVA que se conecta con SAP. Las principales caracter\u00edsticas que tiene la soluci\u00f3n son:<\/p>\n<p><b>Configuraci\u00f3n de las romanas en SAP y por terminal.<\/b><\/p>\n<ul>\n<li>Definir puerto COM<\/li>\n<li>Velocidad<\/li>\n<li>Pariedad<\/li>\n<li>Cantidad de decimales.<\/li>\n<\/ul>\n<p>Si un mismo terminar tiene configurada mas de una romana, el sistema preguntara con que romana desea capturar el peso. Funci\u00f3n RFC, que permite capturar el peso seg\u00fan configuraci\u00f3n del terminal. Esta funci\u00f3n se puede llamar desde cualquier parte de SAP \u00f3 desde una transacci\u00f3n standard.<\/td>\n<\/tr>\n<\/tbody>\n<\/table>\n<\/div>\n","protected":false},"excerpt":{"rendered":"<p>\u00bfQu\u00e9 es? La integraci\u00f3n Balanza es una aplicaci\u00f3n JAVA que se conecta con SAP. Las principales caracter\u00edsticas que tiene la soluci\u00f3n son: Configuraci\u00f3n de las romanas en SAP y por terminal. Definir puerto COM Velocidad Pariedad Cantidad de decimales. Si un mismo terminar tiene configurada mas de una romana, el sistema preguntara con que romana&#8230;<\/p>\n","protected":false},"featured_media":8070,"template":"","meta":{"om_disable_all_campaigns":false,"_mi_skip_tracking":false},"product_cat":[15],"product_tag":[],"class_list":["post-8069","product","type-product","status-publish","has-post-thumbnail","hentry","product_cat-productos"],"aioseo_notices":[],"acf":[],"_links":{"self":[{"href":"https:\/\/soindus.pe\/index.php\/wp-json\/wp\/v2\/product\/8069","targetHints":{"allow":["GET"]}}],"collection":[{"href":"https:\/\/soindus.pe\/index.php\/wp-json\/wp\/v2\/product"}],"about":[{"href":"https:\/\/soindus.pe\/index.php\/wp-json\/wp\/v2\/types\/product"}],"wp:featuredmedia":[{"embeddable":true,"href":"https:\/\/soindus.pe\/index.php\/wp-json\/wp\/v2\/media\/8070"}],"wp:attachment":[{"href":"https:\/\/soindus.pe\/index.php\/wp-json\/wp\/v2\/media?parent=8069"}],"wp:term":[{"taxonomy":"product_cat","embeddable":true,"href":"https:\/\/soindus.pe\/index.php\/wp-json\/wp\/v2\/product_cat?post=8069"},{"taxonomy":"product_tag","embeddable":true,"href":"https:\/\/soindus.pe\/index.php\/wp-json\/wp\/v2\/product_tag?post=8069"}],"curies":[{"name":"wp","href":"https:\/\/api.w.org\/{rel}","templated":true}]}}