{"id":8065,"date":"2022-11-04T15:20:59","date_gmt":"2022-11-04T15:20:59","guid":{"rendered":"http:\/\/soindus.srtv.cl\/?post_type=product&#038;p=8065"},"modified":"2023-01-06T14:20:45","modified_gmt":"2023-01-06T14:20:45","slug":"rendiciones-de-gastos-peru","status":"publish","type":"product","link":"https:\/\/soindus.pe\/index.php\/producto\/rendiciones-de-gastos-peru\/","title":{"rendered":"Rendiciones de Gastos Per\u00fa"},"content":{"rendered":"<div class=\"itemIntroText\">\n<table id=\"tablamonitor1\">\n<tbody>\n<tr>\n<td><b>\u00bfQu\u00e9 es? <\/b><\/p>\n<p>Desarrollamos una integraci\u00f3n financiera contable entre el Servicio Rindegastos y SAP. Esta integraci\u00f3n se realiza a trav\u00e9s de webservices tradicionales. Las contabilizaciones generadas desde la integraci\u00f3n permiten su seguimiento a nivel de informes de gastos, as\u00ed como tambi\u00e9n a nivel de gastos unitarios, dejando toda la informaci\u00f3n necesaria en los campos del documento contable para poder realizar el seguimiento de cada imputaci\u00f3n.<\/td>\n<\/tr>\n<tr>\n<td><img decoding=\"async\" src=\"\/wp-content\/uploads\/2022\/11\/gastos1.png\" \/><\/td>\n<\/tr>\n<\/tbody>\n<\/table>\n<\/div>\n","protected":false},"excerpt":{"rendered":"<p>\u00bfQu\u00e9 es? Desarrollamos una integraci\u00f3n financiera contable entre el Servicio Rindegastos y SAP. Esta integraci\u00f3n se realiza a trav\u00e9s de webservices tradicionales. Las contabilizaciones generadas desde la integraci\u00f3n permiten su seguimiento a nivel de informes de gastos, as\u00ed como tambi\u00e9n a nivel de gastos unitarios, dejando toda la informaci\u00f3n necesaria en los campos del documento&#8230;<\/p>\n","protected":false},"featured_media":8067,"template":"","meta":{"om_disable_all_campaigns":false,"_mi_skip_tracking":false},"product_cat":[15],"product_tag":[],"class_list":["post-8065","product","type-product","status-publish","has-post-thumbnail","hentry","product_cat-productos"],"aioseo_notices":[],"acf":[],"_links":{"self":[{"href":"https:\/\/soindus.pe\/index.php\/wp-json\/wp\/v2\/product\/8065","targetHints":{"allow":["GET"]}}],"collection":[{"href":"https:\/\/soindus.pe\/index.php\/wp-json\/wp\/v2\/product"}],"about":[{"href":"https:\/\/soindus.pe\/index.php\/wp-json\/wp\/v2\/types\/product"}],"wp:featuredmedia":[{"embeddable":true,"href":"https:\/\/soindus.pe\/index.php\/wp-json\/wp\/v2\/media\/8067"}],"wp:attachment":[{"href":"https:\/\/soindus.pe\/index.php\/wp-json\/wp\/v2\/media?parent=8065"}],"wp:term":[{"taxonomy":"product_cat","embeddable":true,"href":"https:\/\/soindus.pe\/index.php\/wp-json\/wp\/v2\/product_cat?post=8065"},{"taxonomy":"product_tag","embeddable":true,"href":"https:\/\/soindus.pe\/index.php\/wp-json\/wp\/v2\/product_tag?post=8065"}],"curies":[{"name":"wp","href":"https:\/\/api.w.org\/{rel}","templated":true}]}}