{"id":8057,"date":"2022-11-04T15:10:42","date_gmt":"2022-11-04T15:10:42","guid":{"rendered":"http:\/\/soindus.srtv.cl\/?post_type=product&#038;p=8057"},"modified":"2023-01-06T14:26:12","modified_gmt":"2023-01-06T14:26:12","slug":"soluciones-sap-fiori-peru","status":"publish","type":"product","link":"https:\/\/soindus.pe\/index.php\/producto\/soluciones-sap-fiori-peru\/","title":{"rendered":"Soluciones SAP Fiori Per\u00fa"},"content":{"rendered":"<div class=\"itemIntroText\">\n<table id=\"tablamonitor1\">\n<tbody>\n<tr>\n<td><b>\u00bfQu\u00e9 es SAP FIORI?<\/b><\/p>\n<p><b>SAP FIORI<\/b> es una familia de aplicaciones que se integran con las soluciones <b>SAP<\/b>, con lo cual se maneja bases de datos y servicios Cloud en la plataforma <b>S\/4 HANA<\/b>. Las Aplicaciones <b>FIORI<\/b> manejan el mismo concepto de las <b>APP<\/b> (Aplicaciones inform\u00e1ticas) tan conocidas y utilizadas, las cuales est\u00e1n destinadas al funcionamiento en Tablets o Smartphones. Estas <b>App FIORI<\/b>, son simples y f\u00e1ciles de utilizar, pues, se contiene en cada una de ellas una actividad espec\u00edfica, por ejemplo, Informe de Stock o Listado de Precios.<\/td>\n<td><\/td>\n<\/tr>\n<\/tbody>\n<\/table>\n<p><a class=\"modal\" ref=\"magnificPopup\" href=\"\/wp-content\/uploads\/2022\/11\/sap2.png\"><img decoding=\"async\" src=\"\/wp-content\/uploads\/2022\/11\/sap2.png\" alt=\"\" \/><\/a><\/p>\n<p style=\"text-align: center;\"><a class=\"modal\" ref=\"magnificPopup\" href=\"\/wp-content\/uploads\/2022\/11\/sap3.png\"><img decoding=\"async\" src=\"\/wp-content\/uploads\/2022\/11\/sap3.png\" \/><\/a><\/p>\n<table id=\"tablamonitor3\">\n<tbody>\n<tr>\n<td><b>REQUERIMIENTOS T\u00c9CNICOS<\/b><br \/>\n<img decoding=\"async\" src=\"\/wp-content\/uploads\/2022\/11\/icono1.png\" \/><\/p>\n<ul>\n<li>Disponer de ERP SAP ECC 6.0 y versiones superiores.<\/li>\n<\/ul>\n<\/td>\n<td><b>GARANT\u00cdA<\/b><br \/>\n<img decoding=\"async\" src=\"\/wp-content\/uploads\/2022\/11\/icono2.png\" \/><\/p>\n<ul>\n<li>Nuestra garant\u00eda es de 1 a\u00f1o a partir del primer d\u00eda en que el producto se entrega en su totalidad al cliente.<\/li>\n<li>Se contempla el soporte t\u00e9cnico y funcional del producto en garant\u00eda.<\/li>\n<\/ul>\n<\/td>\n<td><b>ALCANCES<\/b><br \/>\n<img decoding=\"async\" src=\"\/wp-content\/uploads\/2022\/11\/icono3.png\" \/><\/p>\n<ul>\n<li>Implementaci\u00f3n de Aplicaciones Fiori requeridas por el cliente.<\/li>\n<li>Trazabilidad y gesti\u00f3n de la informaci\u00f3n para el control de datos desde la aplicaci\u00f3n.<\/li>\n<\/ul>\n<\/td>\n<\/tr>\n<\/tbody>\n<\/table>\n<table id=\"tablamonitor2\">\n<tbody>\n<tr>\n<td><b>VENTAJAS<\/b><\/p>\n<ul>\n<li>Reducci\u00f3n de costos y riesgo.<\/li>\n<li>Consolidaci\u00f3n de datos en Fiori.<\/li>\n<li>F\u00e1cil manejo de Datos de SAP desde web Fiori.<\/li>\n<li>Funciones integradas y diferencias por roles.<\/li>\n<li>Soluci\u00f3n escalable por parte del cliente.<\/li>\n<li>M\u00faltiple control de datos seg\u00fan requerimientos del cliente.<\/li>\n<li>Aplicaciones inform\u00e1ticas, comparativas, de seguimiento y solicitudes, entre otras.<\/li>\n<\/ul>\n<\/td>\n<td><b>BENEFICIOS<\/b><\/p>\n<ul>\n<li>Elimina los errores de digitaci\u00f3n.<\/li>\n<li>Optimiza los tiempos de contabilizaci\u00f3n.<\/li>\n<li>Permite el procesamiento masivo.<\/li>\n<li>Log de trazabilidad total por documento para auditorias.<\/li>\n<li>Rechazar de forma autom\u00e1tica los documentos electr\u00f3nicos de proveedor DTE.<\/li>\n<\/ul>\n<\/td>\n<\/tr>\n<\/tbody>\n<\/table>\n<\/div>\n","protected":false},"excerpt":{"rendered":"<p>\u00bfQu\u00e9 es SAP FIORI? SAP FIORI es una familia de aplicaciones que se integran con las soluciones SAP, con lo cual se maneja bases de datos y servicios Cloud en la plataforma S\/4 HANA. Las Aplicaciones FIORI manejan el mismo concepto de las APP (Aplicaciones inform\u00e1ticas) tan conocidas y utilizadas, las cuales est\u00e1n destinadas al&#8230;<\/p>\n","protected":false},"featured_media":8354,"template":"","meta":{"om_disable_all_campaigns":false,"_mi_skip_tracking":false},"product_cat":[15],"product_tag":[],"class_list":["post-8057","product","type-product","status-publish","has-post-thumbnail","hentry","product_cat-productos"],"aioseo_notices":[],"acf":[],"_links":{"self":[{"href":"https:\/\/soindus.pe\/index.php\/wp-json\/wp\/v2\/product\/8057","targetHints":{"allow":["GET"]}}],"collection":[{"href":"https:\/\/soindus.pe\/index.php\/wp-json\/wp\/v2\/product"}],"about":[{"href":"https:\/\/soindus.pe\/index.php\/wp-json\/wp\/v2\/types\/product"}],"wp:featuredmedia":[{"embeddable":true,"href":"https:\/\/soindus.pe\/index.php\/wp-json\/wp\/v2\/media\/8354"}],"wp:attachment":[{"href":"https:\/\/soindus.pe\/index.php\/wp-json\/wp\/v2\/media?parent=8057"}],"wp:term":[{"taxonomy":"product_cat","embeddable":true,"href":"https:\/\/soindus.pe\/index.php\/wp-json\/wp\/v2\/product_cat?post=8057"},{"taxonomy":"product_tag","embeddable":true,"href":"https:\/\/soindus.pe\/index.php\/wp-json\/wp\/v2\/product_tag?post=8057"}],"curies":[{"name":"wp","href":"https:\/\/api.w.org\/{rel}","templated":true}]}}