{"id":8543,"date":"2022-12-05T21:01:52","date_gmt":"2022-12-05T21:01:52","guid":{"rendered":"https:\/\/soindus.pe\/?page_id=8543"},"modified":"2022-12-06T16:15:22","modified_gmt":"2022-12-06T16:15:22","slug":"terminos-y-condiciones","status":"publish","type":"page","link":"https:\/\/soindus.pe\/index.php\/terminos-y-condiciones\/","title":{"rendered":"T\u00e9rminos y uso de condiciones"},"content":{"rendered":"<section class=\"l-section wpb_row height_custom\"><div class=\"l-section-h i-cf\"><div class=\"g-cols vc_row via_grid cols_1 laptops-cols_inherit tablets-cols_inherit mobiles-cols_1 valign_top type_default stacking_default\"><div class=\"wpb_column vc_column_container\"><div class=\"vc_column-inner\"><div class=\"w-tabs style_default switch_click accordion has_scrolling\" style=\"--sections-title-size:inherit\"><div class=\"w-tabs-sections titles-align_none icon_chevron cpos_right\"><div class=\"w-tabs-section active\" id=\"y976\"><button aria-controls=\"content-y976\" class=\"w-tabs-section-header active\"><div class=\"w-tabs-section-title\">Pol\u00edtica de T\u00e9rminos y Condiciones<\/div><div class=\"w-tabs-section-control\"><\/div><\/button><div  class=\"w-tabs-section-content\" id=\"content-y976\" aria-expanded=\"true\"><div class=\"w-tabs-section-content-h i-cf\"><div class=\"wpb_text_column\"><div class=\"wpb_wrapper\"><p>Bienvenido a SOINDUS CONSULTING. Estos t\u00e9rminos y condiciones describen las reglas y regulaciones para el uso del sitio web (SAP STORE).<\/p>\n<p>(SAP STORE) se encuentra en (Direcci\u00f3n).<\/p>\n<p>Al acceder a este sitio web, asumimos que aceptas estos t\u00e9rminos y condiciones en su totalidad. No contin\u00faes usando el sitio web (SAP STORE SOINDUS) si no aceptas todos los t\u00e9rminos y condiciones establecidos en esta p\u00e1gina.<\/p>\n<p>La siguiente terminolog\u00eda se aplica a estos T\u00e9rminos y Condiciones, Declaraci\u00f3n de Privacidad y Aviso legal y cualquiera o todos los Acuerdos: el Cliente, Usted y Su se refieren a usted, la persona que accede a este sitio web y acepta los t\u00e9rminos y condiciones de la Compa\u00f1\u00eda.<\/p>\n<p>Todos los t\u00e9rminos se refieren a la oferta, aceptaci\u00f3n y consideraci\u00f3n del pago necesario para efectuar el proceso de nuestra asistencia al Cliente de la manera m\u00e1s adecuada, ya sea mediante reuniones formales de una duraci\u00f3n fija, o por cualquier otro medio, con el prop\u00f3sito expreso de conocer las necesidades del Cliente con respecto a la provisi\u00f3n de los servicios\/productos declarados de la Compa\u00f1\u00eda, de acuerdo con y sujeto a la ley vigente de (Direcci\u00f3n WEB).<\/p>\n<p><strong>Cookies<\/strong><\/p>\n<p>Empleamos el uso de cookies. Al utilizar el sitio web de, usted acepta el uso de cookies de acuerdo con la pol\u00edtica de privacidad de SAP STORE SOINDUS. La mayor\u00eda de los modernos sitios web interactivos de hoy en d\u00eda usan cookies para permitirnos recuperar los detalles del usuario para cada visita.<\/p>\n<p>Las cookies se utilizan en algunas \u00e1reas de nuestro sitio para habilitar la funcionalidad de esta \u00e1rea y la facilidad de uso para las personas que lo visitan. Algunos de nuestros socios afiliados\/publicitarios tambi\u00e9n pueden usar cookies.<\/p>\n<p><strong>Licencia<\/strong><\/p>\n<p>A menos que se indique lo contrario, SAP STORE SOINDUS y\/o sus licenciatarios les pertenecen los derechos de propiedad intelectual de todo el material en SAP STORE SOINDUS.<\/p>\n<p>Todos los derechos de propiedad intelectual est\u00e1n reservados, y su uso esta sujeto a las restricciones establecidas en estos t\u00e9rminos y condiciones.<\/p>\n<p><strong>No debes:<\/strong><\/p>\n<ul>\n<li>Volver a publicar material desde (A\u00f1adir URL).<\/li>\n<li>Vender, alquilar u otorgar una sub-licencia de material desde (Agregar URL).<\/li>\n<li>Reproducir, duplicar o copiar material desde (Agregar URL).<\/li>\n<li>Redistribuir contenido de SAP STORE SOINDUS, a menos de que el contenido se haga espec\u00edficamente para la redistribuci\u00f3n.<\/li>\n<\/ul>\n<p><strong>Aviso legal<\/strong><\/p>\n<p>En la medida m\u00e1xima permitida por la ley aplicable, excluimos todas las representaciones, garant\u00edas y condiciones relacionadas con nuestro sitio web y el uso de este sitio web (incluyendo, sin limitaci\u00f3n, cualquier garant\u00eda impl\u00edcita por la ley con respecto a la calidad satisfactoria, idoneidad para el prop\u00f3sito y\/o el uso de cuidado y habilidad razonables).<\/p>\n<p><strong>Nada en este aviso legal:<\/strong><\/p>\n<ul>\n<li>Limita o excluye nuestra o su responsabilidad por muerte o lesiones personales resultantes de negligencia.<\/li>\n<li>Limita o excluye nuestra o su responsabilidad por fraude o tergiversaci\u00f3n fraudulenta.<\/li>\n<li>Limita cualquiera de nuestras o sus responsabilidades de cualquier manera que no est\u00e9 permitida por la ley aplicable.<\/li>\n<li>Excluye cualquiera de nuestras o sus responsabilidades que no pueden ser excluidas bajo la ley aplicable.<\/li>\n<\/ul>\n<p>Las limitaciones y exclusiones de responsabilidad establecidas en esta Secci\u00f3n y en otras partes de este aviso legal:<\/p>\n<ol>\n<li>est\u00e1n sujetas al p\u00e1rrafo anterior; y<\/li>\n<li>rigen todas las responsabilidades que surjan bajo la exenci\u00f3n de responsabilidad o en relaci\u00f3n con el objeto de esta exenci\u00f3n de responsabilidad, incluidas las responsabilidades que surjan en contrato, agravio (incluyendo negligencia) y por incumplimiento del deber legal.<\/li>\n<\/ol>\n<p>En la medida en que el sitio web y la informaci\u00f3n y los servicios en el sitio web se proporcionen de forma gratuita, no seremos responsables de ninguna p\u00e9rdida o da\u00f1o de ning\u00fan tipo.<\/p>\n<\/div><\/div><\/div><\/div><\/div><div class=\"w-tabs-section\" id=\"zd91\"><button aria-controls=\"content-zd91\" class=\"w-tabs-section-header\"><div class=\"w-tabs-section-title\">Terms and Conditions Policy<\/div><div class=\"w-tabs-section-control\"><\/div><\/button><div  class=\"w-tabs-section-content\" id=\"content-zd91\" aria-expanded=\"false\"><div class=\"w-tabs-section-content-h i-cf\"><div class=\"wpb_text_column\"><div class=\"wpb_wrapper\"><p>Welcome to SOINDUS CONSULTING. These terms and conditions describe the rules and regulations for the use of the website (SAP STORE).<\/p>\n<p>(SAP STORE) is located at (Address).<\/p>\n<p>By accessing this website, we assume that you accept these terms and conditions in their entirety. Do not continue to use the website (SAP STORE SOINDUS) if you do not accept all the terms and conditions stated on this page.<\/p>\n<p>The following terminology applies to these Terms and Conditions, Privacy Statement and Legal Notice and any or all of the Agreements: Customer, You and Your refer to you, the person who accesses this website and accepts the terms and conditions of the company.<\/p>\n<p>All terms refer to the offer, acceptance, and consideration of payment necessary to effectuate the process of our assistance to the Client in the most appropriate manner, whether through formal meetings of a fixed duration, or by any other means, for the express purpose to know the Client&#8217;s needs with respect to the provision of the Company&#8217;s declared services\/products, in accordance with and subject to the current law of (WEB Address).<\/p>\n<p><strong>cookies<\/strong><\/p>\n<p>We employ the use of cookies. By using the website, you agree to the use of cookies in accordance with the privacy policy of SAP STORE SOINDUS. Most of today&#8217;s modern interactive websites use cookies to enable us to retrieve user details for each visit.<\/p>\n<p>Cookies are used in some areas of our site to enable the functionality of this area and ease of use for people who visit it. Some of our affiliate\/advertising partners may also use cookies.<\/p>\n<p><strong>License<\/strong><\/p>\n<p>Unless otherwise stated, SAP STORE SOINDUS and\/or its licensors own the intellectual property rights in all material on SAP STORE SOINDUS.<\/p>\n<p>All intellectual property rights are reserved, and their use is subject to the restrictions established in these terms and conditions.<\/p>\n<p><strong>You must not:<\/strong><\/p>\n<ul>\n<li>Republish material from (Add URL).<\/li>\n<li>Sell, rent, or sublicense material from (Add URL).<\/li>\n<li>Play, duplicate or copy material from (Add URL).<\/li>\n<li>Redistribute content from SAP STORE SOINDUS, unless the content is made specifically for redistribution.<\/li>\n<\/ul>\n<p><strong>Legal warning<\/strong><\/p>\n<p>To the maximum extent permitted by applicable law, we exclude all representations, warranties and conditions relating to our website and the use of this website (including, without limitation, any warranties implied by law with respect to satisfactory quality, fitness for the purpose and\/or use of reasonable care and skill).<\/p>\n<p><strong>Nothing in this legal notice:<\/strong><\/p>\n<ul>\n<li>Limit or exclude our or your liability for death or personal injury resulting from negligence.<\/li>\n<li>Limit or exclude our or your liability for fraud or fraudulent misrepresentation.<\/li>\n<li>Limit any of our or your liabilities in any way that is not permitted by applicable law.<\/li>\n<li>Excludes any of our or your liabilities that may not be excluded under applicable law.<\/li>\n<\/ul>\n<p>The limitations and exclusions of liability established in this Section and in<\/p>\n<p><strong>Other parts of this legal notice:<\/strong><\/p>\n<ol>\n<li>are subject to the preceding paragraph; Y<\/li>\n<li>All liabilities arising under the disclaimer or in connection with the subject matter of this disclaimer govern, including liabilities arising in contract, tort (including negligence), and for breach of statutory duty.<\/li>\n<\/ol>\n<p>To the extent that the website and the information and services on the website are provided free of charge, we will not be liable for any loss or damage of any kind.<\/p>\n<\/div><\/div><\/div><\/div><\/div><\/div><\/div><\/div><\/div><\/div><\/div><\/section>\n","protected":false},"excerpt":{"rendered":"Pol\u00edtica de T\u00e9rminos y CondicionesBienvenido a SOINDUS CONSULTING. Estos t\u00e9rminos y condiciones describen las reglas y regulaciones para el uso del sitio web (SAP STORE). (SAP STORE) se encuentra en (Direcci\u00f3n). Al acceder a este sitio web, asumimos que aceptas estos t\u00e9rminos y condiciones en su totalidad. No contin\u00faes usando el sitio web (SAP STORE...","protected":false},"author":1,"featured_media":0,"parent":0,"menu_order":0,"comment_status":"closed","ping_status":"closed","template":"","meta":{"om_disable_all_campaigns":false,"_mi_skip_tracking":false,"footnotes":""},"class_list":["post-8543","page","type-page","status-publish","hentry"],"aioseo_notices":[],"acf":[],"_links":{"self":[{"href":"https:\/\/soindus.pe\/index.php\/wp-json\/wp\/v2\/pages\/8543","targetHints":{"allow":["GET"]}}],"collection":[{"href":"https:\/\/soindus.pe\/index.php\/wp-json\/wp\/v2\/pages"}],"about":[{"href":"https:\/\/soindus.pe\/index.php\/wp-json\/wp\/v2\/types\/page"}],"author":[{"embeddable":true,"href":"https:\/\/soindus.pe\/index.php\/wp-json\/wp\/v2\/users\/1"}],"replies":[{"embeddable":true,"href":"https:\/\/soindus.pe\/index.php\/wp-json\/wp\/v2\/comments?post=8543"}],"version-history":[{"count":3,"href":"https:\/\/soindus.pe\/index.php\/wp-json\/wp\/v2\/pages\/8543\/revisions"}],"predecessor-version":[{"id":8550,"href":"https:\/\/soindus.pe\/index.php\/wp-json\/wp\/v2\/pages\/8543\/revisions\/8550"}],"wp:attachment":[{"href":"https:\/\/soindus.pe\/index.php\/wp-json\/wp\/v2\/media?parent=8543"}],"curies":[{"name":"wp","href":"https:\/\/api.w.org\/{rel}","templated":true}]}}