{"id":8339,"date":"2022-11-09T18:14:33","date_gmt":"2022-11-09T18:14:33","guid":{"rendered":"http:\/\/soindus.srtv.cl\/?page_id=8339"},"modified":"2022-11-09T18:32:34","modified_gmt":"2022-11-09T18:32:34","slug":"que-hacemos","status":"publish","type":"page","link":"https:\/\/soindus.pe\/index.php\/que-hacemos\/","title":{"rendered":"\u00bfQu\u00e9 Hacemos?"},"content":{"rendered":"<section class=\"l-section wpb_row us_custom_31135fa3 height_custom\"><div class=\"l-section-h i-cf\"><div class=\"g-cols vc_row via_grid cols_1 laptops-cols_inherit tablets-cols_inherit mobiles-cols_1 valign_top type_default stacking_default\"><div class=\"wpb_column vc_column_container\"><div class=\"vc_column-inner\"><div class=\"wpb_text_column\"><div class=\"wpb_wrapper\"><ul>\n<li style=\"list-style-type: none;\">\n<ul>\n<li>Consultor\u00eda Funcional y T\u00e9cnica SAP. (FI CO MM SD WMS ABAP PO PI HCI \u00a0BO BI HR RETAIL BASIS ROLES)<\/li>\n<li>Consultor\u00eda de Seguridad SAP.<\/li>\n<li>Consultor\u00eda Business Intelligence.<\/li>\n<li>Consultor\u00eda en Integraci\u00f3n de sistemas.<\/li>\n<li>FIORI<\/li>\n<li>CLOUD SCP<\/li>\n<li>HCP<\/li>\n<li>Servicios de Outsourcing para desarrollos, Jefes de Proyectos, Procesos, etc.<\/li>\n<li>Aplicaciones M\u00f3viles con integraci\u00f3n a SAP.<\/li>\n<li>Desarrollos WEB .NET, PHP, HTLM5, JAVA.<\/li>\n<li>Consultor\u00eda READSOFT.<\/li>\n<li>Desarrollos en Nuevas Tecnolog\u00edas.<\/li>\n<li>HCP<\/li>\n<li>S4HANA Enterprise Management<\/li>\n<li>HANA ANALITICS<\/li>\n<li>HCI<\/li>\n<li>Otros<\/li>\n<\/ul>\n<\/li>\n<\/ul>\n<\/div><\/div><\/div><\/div><\/div><\/div><\/section><section class=\"l-section wpb_row height_custom\"><div class=\"l-section-overlay\" style=\"background:#fafafa\"><\/div><div class=\"l-section-h i-cf\"><div class=\"g-cols vc_row via_grid cols_1 laptops-cols_inherit tablets-cols_inherit mobiles-cols_1 valign_top type_default stacking_default\"><div class=\"wpb_column vc_column_container\"><div class=\"vc_column-inner\"><div class=\"wpb_text_column us_custom_a574d586 has_text_color\"><div class=\"wpb_wrapper\"><h2 style=\"text-align: center;\">Nuestros Productos<\/h2>\n<\/div><\/div><div class=\"w-separator size_small\"><\/div><\/div><\/div><\/div><\/div><\/section><section class=\"l-section wpb_row us_custom_4edece6e height_custom\"><div class=\"l-section-overlay\" style=\"background:#fafafa\"><\/div><div class=\"l-section-h i-cf\"><div class=\"g-cols vc_row via_grid cols_3 laptops-cols_inherit tablets-cols_inherit mobiles-cols_1 valign_top type_default stacking_default\"><div class=\"wpb_column vc_column_container\"><div class=\"vc_column-inner\"><div class=\"w-iconbox iconpos_top style_default color_primary align_center no_title no_text\"><div class=\"w-iconbox-icon\" style=\"font-size:100px;\"><i class=\"fas fa-file\"><\/i><\/div><div class=\"w-iconbox-meta\"><\/div><\/div><div class=\"w-separator size_medium\"><\/div><div class=\"wpb_text_column\"><div class=\"wpb_wrapper\"><p style=\"text-align: center;\"><strong>Recepci\u00f3n de documentos electr\u00f3nicos<\/strong><\/p>\n<\/div><\/div><div class=\"w-separator size_medium\"><\/div><div class=\"wpb_text_column\"><div class=\"wpb_wrapper\"><p style=\"text-align: center;\">Elimina errores y optimiza los tiempos de contabilizaci\u00f3n de los documentos el\u00e9ctronicos en SAP.<\/p>\n<\/div><\/div><\/div><\/div><div class=\"wpb_column vc_column_container\"><div class=\"vc_column-inner\"><div class=\"w-iconbox iconpos_top style_default color_primary align_center no_title no_text\"><div class=\"w-iconbox-icon\" style=\"font-size:100px;\"><i class=\"fas fa-desktop\"><\/i><\/div><div class=\"w-iconbox-meta\"><\/div><\/div><div class=\"w-separator size_medium\"><\/div><div class=\"wpb_text_column\"><div class=\"wpb_wrapper\"><p style=\"text-align: center;\"><strong>Monitores de procesos<\/strong><\/p>\n<\/div><\/div><div class=\"w-separator size_medium\"><\/div><div class=\"wpb_text_column\"><div class=\"wpb_wrapper\"><p style=\"text-align: center;\">Visualiza los procesos en tiempo real en SAP.<\/p>\n<\/div><\/div><\/div><\/div><div class=\"wpb_column vc_column_container\"><div class=\"vc_column-inner\"><div class=\"w-iconbox iconpos_top style_default color_primary align_center no_title no_text\"><div class=\"w-iconbox-icon\" style=\"font-size:100px;\"><i class=\"fas fa-pager\"><\/i><\/div><div class=\"w-iconbox-meta\"><\/div><\/div><div class=\"w-separator size_medium\"><\/div><div class=\"wpb_text_column\"><div class=\"wpb_wrapper\"><p style=\"text-align: center;\"><strong>Portal de proveedores<\/strong><\/p>\n<\/div><\/div><div class=\"w-separator size_medium\"><\/div><div class=\"wpb_text_column\"><div class=\"wpb_wrapper\"><p style=\"text-align: center;\">Mejora la relaci\u00f3n con tu proveedor evitando p\u00e9rdidas de tiempo.<\/p>\n<\/div><\/div><\/div><\/div><\/div><\/div><\/section>\n","protected":false},"excerpt":{"rendered":"Consultor\u00eda Funcional y T\u00e9cnica SAP. (FI CO MM SD WMS ABAP PO PI HCI \u00a0BO BI HR RETAIL BASIS ROLES) Consultor\u00eda de Seguridad SAP. Consultor\u00eda Business Intelligence. Consultor\u00eda en Integraci\u00f3n de sistemas. FIORI CLOUD SCP HCP Servicios de Outsourcing para desarrollos, Jefes de Proyectos, Procesos, etc. Aplicaciones M\u00f3viles con integraci\u00f3n a SAP. Desarrollos WEB .NET,...","protected":false},"author":1,"featured_media":0,"parent":0,"menu_order":0,"comment_status":"closed","ping_status":"closed","template":"","meta":{"om_disable_all_campaigns":false,"_mi_skip_tracking":false,"footnotes":""},"class_list":["post-8339","page","type-page","status-publish","hentry"],"aioseo_notices":[],"acf":[],"_links":{"self":[{"href":"https:\/\/soindus.pe\/index.php\/wp-json\/wp\/v2\/pages\/8339","targetHints":{"allow":["GET"]}}],"collection":[{"href":"https:\/\/soindus.pe\/index.php\/wp-json\/wp\/v2\/pages"}],"about":[{"href":"https:\/\/soindus.pe\/index.php\/wp-json\/wp\/v2\/types\/page"}],"author":[{"embeddable":true,"href":"https:\/\/soindus.pe\/index.php\/wp-json\/wp\/v2\/users\/1"}],"replies":[{"embeddable":true,"href":"https:\/\/soindus.pe\/index.php\/wp-json\/wp\/v2\/comments?post=8339"}],"version-history":[{"count":5,"href":"https:\/\/soindus.pe\/index.php\/wp-json\/wp\/v2\/pages\/8339\/revisions"}],"predecessor-version":[{"id":8350,"href":"https:\/\/soindus.pe\/index.php\/wp-json\/wp\/v2\/pages\/8339\/revisions\/8350"}],"wp:attachment":[{"href":"https:\/\/soindus.pe\/index.php\/wp-json\/wp\/v2\/media?parent=8339"}],"curies":[{"name":"wp","href":"https:\/\/api.w.org\/{rel}","templated":true}]}}